{"id":811,"date":"2018-06-01T16:11:12","date_gmt":"2018-06-01T15:11:12","guid":{"rendered":"http:\/\/skytraxawards.minttwiststaging.com\/?page_id=811"},"modified":"2025-06-19T08:05:01","modified_gmt":"2025-06-19T07:05:01","slug":"terms-and-conditions","status":"publish","type":"page","link":"https:\/\/www.worldairlineawards.com\/es\/terms-and-conditions\/","title":{"rendered":"T\u00e9rminos y condiciones"},"content":{"rendered":"<h3><strong>T\u00c9RMINOS DE USO DE LA P\u00c1GINA WEB (&#171;T\u00c9RMINOS&#187;)<\/strong><\/h3>\n<p>LEA ESTOS T\u00c9RMINOS CUIDADOSAMENTE YA QUE REGULAN EL USO DE LA P\u00c1GINA WEB <strong>WWW.WORLDAIRLINEAWARDS.COM<\/strong> (&#171;P\u00c1GINA WEB&#187;).<\/p>\n<p>AL ACCEDER A LA P\u00c1GINA, SE CONSIDERAR\u00c1 QUE HA ACEPTADO ESTOS T\u00c9RMINOS. SI NO ACEPTA ESTOS T\u00c9RMINOS, DEBER\u00c1 DEJAR DE USAR INMEDIATAMENTE LA P\u00c1GINA WEB.<\/p>\n<p>DEBE TENER AL MENOS 18 A\u00d1OS DE EDAD PARA UTILIZAR EL SITIO; AL UTILIZAR EL SITIO O ACEPTAR ESTOS T\u00c9RMINOS Y CONDICIONES, USTED NOS GARANTIZA Y REPRESENTA QUE TIENE AL MENOS 18 A\u00d1OS DE EDAD.<\/p>\n<p>PODEMOS MODIFICAR ESTOS T\u00c9RMINOS EN CUALQUIER MOMENTO, CUALQUIERA DE DICHAS MODIFICACIONES ENTRAN EN VIGOR INMEDIATAMENTE A PARTIR DEL MOMENTO EN QUE SE INCLUYEN EN NUESTRA P\u00c1GINA WEB. ACEPTA REVISAR ESTOS T\u00c9RMINOS CON CAR\u00c1CTER REGULAR PARA ASEGURARSE DE QUE TIENE CONOCIMIENTO DE CUALQUIERA DE LAS MODIFICACIONES.<\/p>\n<p>&nbsp;<\/p>\n<h4><strong>1. Informaci\u00f3n general<\/strong><\/h4>\n<p>Las referencias a &#171;Nosotros&#187; o &#171;Nuestro&#187; hacen referencia a Skytrax; nuestra direcci\u00f3n es 85 Great Portland Street, London, W1W 7LT (Reino Unido).<\/p>\n<p>&nbsp;<\/p>\n<h4><strong>2. Hay otros t\u00e9rminos que pueden ser de aplicaci\u00f3n para usted<\/strong><\/h4>\n<p>Estos T\u00e9rminos se refieren a los siguientes t\u00e9rminos adicionales, que tambi\u00e9n se aplican a su uso de nuestra P\u00e1gina Web:<\/p>\n<p style=\"padding-left: 30px;\">(a) Nuestro <a href=\"https:\/\/www.worldairlineawards.com\/es\/privacy-and-cookies\/\"><strong>Aviso de privacidad<\/strong><\/a>, que establece los t\u00e9rminos en los que procesamos los datos que recopilamos de usted o que nos proporciona. Al utilizar nuestra P\u00e1gina Web, acepta dicho tratamiento y garantiza que todos los datos proporcionados por usted son precisos.<\/p>\n<p style=\"padding-left: 30px;\">(b) Nuestra <a href=\"https:\/\/www.worldairlineawards.com\/es\/privacy-and-cookies\/\"><strong>Pol\u00edtica de Cookies<\/strong><\/a>, que establece informaci\u00f3n sobre las cookies en nuestra P\u00e1gina Web.<\/p>\n<p>&nbsp;<\/p>\n<h4><strong>3. Propiedad intelectual<\/strong><\/h4>\n<p>Los derechos de autor y todos los dem\u00e1s derechos de propiedad intelectual (incluidos, entre otros, derechos de bases de datos, marcas comerciales, derechos de dise\u00f1o y nombres de dominio registrados o no) en todos los materiales incluidos en la P\u00e1gina Web (incluidos, entre otros, dise\u00f1os, textos e im\u00e1genes, gr\u00e1ficos, logotipos, im\u00e1genes y la selecci\u00f3n y disposici\u00f3n de los mismos) y todo el software de la P\u00e1gina Web nos pertenece a nosotros o a nuestros licenciantes. Todos los derechos reservados.<\/p>\n<p>Si bien puede imprimir o descargar extractos de la P\u00e1gina Web para su uso personal, de otra manera no podr\u00e1 descargar, copiar, reproducir, redistribuir, volver a publicar, transmitir, adaptar, alterar, crear trabajos derivados ni extraer o reutilizar cualquier material contenido en la P\u00e1gina Web para fines comerciales sin nuestro permiso previo por escrito y salvo que usted:<\/p>\n<p style=\"padding-left: 30px;\">(a) nos cite como la fuente del material; y<\/p>\n<p style=\"padding-left: 30px;\">(b) informe al tercero a quien est\u00e1 difundiendo la informaci\u00f3n de estos T\u00e9rminos y el hecho de que son de aplicaci\u00f3n para ellos.<\/p>\n<p>La violaci\u00f3n de cualquier derecho de propiedad intelectual en esta P\u00e1gina Web o los materiales asociados con ella puede dar lugar a sanciones penales o civiles en el Reino Unido o en otros pa\u00edses.<\/p>\n<p>&nbsp;<\/p>\n<h4><strong>4.<\/strong><strong> Acceso al servicio<\/strong><\/h4>\n<p>Si bien nos esforzamos por garantizar que la P\u00e1gina Web est\u00e9 continuamente disponible, no seremos responsables si por alg\u00fan motivo la P\u00e1gina Web no est\u00e1 disponible en cualquier momento o durante cualquier periodo.<\/p>\n<p>El acceso la P\u00e1gina Web est\u00e1 permitido de forma temporal. Podemos suspender, retirar, interrumpir o cambiar todo o parte la P\u00e1gina Web sin previo aviso.<\/p>\n<p>Usted es responsable de hacer todo lo necesario para tener acceso a la P\u00e1gina Web.<\/p>\n<p>Usted tambi\u00e9n es responsable de garantizar que todas las personas que accedan a nuestra P\u00e1gina Web a trav\u00e9s de su conexi\u00f3n a Internet conozcan estos T\u00e9rminos y otros t\u00e9rminos y condiciones aplicables, y que los cumplan.<\/p>\n<p>&nbsp;<\/p>\n<h4><strong>5. Virus, hacking y otros delitos<\/strong><\/h4>\n<p>No debe hacer un mal uso de la P\u00e1gina Web introduciendo intencionadamente virus, troyanos, gusanos, bombas l\u00f3gicas u otro material malicioso o tecnol\u00f3gicamente da\u00f1ino. No debe intentar obtener acceso no autorizado la P\u00e1gina Web, al servidor en el que est\u00e1 almacenada la P\u00e1gina Web ni a ning\u00fan servidor, ordenador o base de datos conectados a la P\u00e1gina Web. No debe atacar la P\u00e1gina Web mediante un ataque de denegaci\u00f3n de servicio o un ataque de denegaci\u00f3n de servicio distribuido.<\/p>\n<p>No seremos responsables de ninguna p\u00e9rdida o da\u00f1o causado por un ataque de denegaci\u00f3n de servicio distribuido, virus u otro material tecnol\u00f3gicamente da\u00f1ino que pueda infectar su equipo inform\u00e1tico, programas inform\u00e1ticos, datos u otro material patentado debido a su uso de nuestra P\u00e1gina Web o a la descarga de cualquier material publicado en ella o en cualquier p\u00e1gina web vinculada a ella.<\/p>\n<p>En la medida permitida por la ley, no aceptamos ninguna responsabilidad (ya sea por contrato, agravio, negligencia u otro tipo) por problemas externos de seguridad o confidencialidad en relaci\u00f3n con las transmisiones enviadas por correo electr\u00f3nico.<\/p>\n<p>&nbsp;<\/p>\n<h4><strong>6. Uso de la P\u00e1gina Web y comunicaci\u00f3n por correo electr\u00f3nico<\/strong><\/h4>\n<p>Usted solo usar\u00e1 la P\u00e1gina Web para fines legales.<\/p>\n<p>Cuando utiliza la P\u00e1gina Web, nos env\u00eda un correo electr\u00f3nico o env\u00eda una consulta, se est\u00e1 comunicando con nosotros electr\u00f3nicamente. Usted acepta que todas las comunicaciones se le env\u00eden electr\u00f3nicamente a la direcci\u00f3n de correo electr\u00f3nico que nos proporcione. Usted acepta que dichas comunicaciones satisfar\u00e1n cualquier requisito legal para que la comunicaci\u00f3n sea por escrito.<\/p>\n<p>&nbsp;<\/p>\n<h4><strong>7. Material y conducta del visitante<\/strong><\/h4>\n<p>Adem\u00e1s de la informaci\u00f3n de identificaci\u00f3n personal, que est\u00e1 amparada por nuestro Aviso de privacidad, cualquier material que usted transmita o publique en la P\u00e1gina Web se considerar\u00e1 no confidencial y no patentado. No tendremos obligaciones en relaci\u00f3n con dicho material. Nosotros y nuestros representantes podr\u00e1n copiar, divulgar, distribuir, incorporar y utilizar dicho material y todos los datos, im\u00e1genes, sonidos, textos y dem\u00e1s elementos incorporados para cualquier fin comercial o no comercial.<\/p>\n<p>Tiene prohibido publicar o transmitir desde o hacia la P\u00e1gina Web cualquier material:<\/p>\n<p style=\"padding-left: 30px;\">(a) que sea amenazante, difamatorio, obsceno, indecente, sedicioso, ofensivo, pornogr\u00e1fico, abusivo, susceptible de incitar al odio racial, discriminatorio, violento, escandaloso, incendiario, blasfemo, en contra de la confianza, en violaci\u00f3n de la privacidad o que pueda causar molestias o incomodidades; o<\/p>\n<p style=\"padding-left: 30px;\">(b) que constituya o aliente una conducta que se considerar\u00eda un delito penal, dar\u00eda lugar a responsabilidad civil o de otro modo ser\u00eda contrario a la ley, as\u00ed como que infrinja los derechos de terceros en cualquier pa\u00eds del mundo.<\/p>\n<p>Usted no debe hacer un mal uso de la P\u00e1gina Web (incluyendo, sin limitaci\u00f3n, la pirater\u00eda).<\/p>\n<p>Cooperaremos plenamente con cualquier autoridad de aplicaci\u00f3n de la ley u orden judicial que nos solicite u ordene revelar la identidad o localizar a cualquier persona que publique cualquier material que infrinja esta cl\u00e1usula.<\/p>\n<p>No seremos responsables ante ning\u00fan tercero por el contenido o la precisi\u00f3n del contenido publicado en la P\u00e1gina Web por usted (si corresponde) o por cualquier otro usuario de la P\u00e1gina Web. Las opiniones expresadas por otros usuarios en la P\u00e1gina Web no representan nuestras opiniones o valores.<\/p>\n<p>&nbsp;<\/p>\n<h4><strong>8. Contenido de la P\u00e1gina Web y responsabilidad<\/strong><\/h4>\n<p>La informaci\u00f3n contenida en esta P\u00e1gina Web se proporciona &#171;tal cual&#187;. La informaci\u00f3n se proporciona de buena fe solo para informaci\u00f3n general y est\u00e1 sujeta a cambios sin previo aviso. Dedicaremos nuestro mejor esfuerzo para garantizar su precisi\u00f3n, pero no otorgamos ninguna garant\u00eda ni hacemos ninguna afirmaci\u00f3n sobre su exactitud o no. En la medida permitida por la ley, se excluyen todas las afirmaciones y garant\u00edas, ya sean expresas o impl\u00edcitas.<\/p>\n<p>Nada en esta P\u00e1gina Web pretende ser ni debe interpretarse como una oferta para entablar una relaci\u00f3n contractual con usted o un tercero.<\/p>\n<p>No aceptamos ninguna responsabilidad por cualquier p\u00e9rdida o da\u00f1o que surja, ya sea directo o indirecto, especial o consecuente, que pueda sufrir cualquier persona al acceder, descargar, utilizar o confiar en cualquier informaci\u00f3n u otro material contenido en esta P\u00e1gina Web, exceptuando que nada de lo recogido en estos T\u00e9rminos restringir\u00e1 o excluir\u00e1 nuestra responsabilidad por muerte o da\u00f1os personales derivados de nuestra negligencia o nuestra responsabilidad por tergiversaci\u00f3n u otro tipo de responsabilidad que la ley no permita por ley excluir o restringir.<\/p>\n<p>&nbsp;<\/p>\n<h4><strong>9. No renuncia<\/strong><\/h4>\n<p>El hecho por parte de nosotros de no hacer cumplir alguna parte de estos T\u00e9rminos no constituir\u00e1 una renuncia a ninguno de nuestros derechos en virtud del mismo por acciones pasadas o futuras.<\/p>\n<p>&nbsp;<\/p>\n<h4><strong>10. Jurisdicci\u00f3n<\/strong><\/h4>\n<p>Los tribunales ingleses tendr\u00e1n jurisdicci\u00f3n exclusiva sobre cualquier reclamaci\u00f3n dimanante de, o relacionada con, una visita a esta P\u00e1gina Web (aunque conservamos el derecho de iniciar acciones en su contra por el incumplimiento de estos T\u00e9rminos en su pa\u00eds de residencia o en cualquier otro pa\u00eds relevante).<\/p>\n<p>Estos T\u00e9rminos y cualquier disputa o reclamaci\u00f3n dimanantes o relacionadas con ellos o su contenido o redacci\u00f3n (incluidas las disputas o reclamaciones no contractuales) se regir\u00e1n e interpretar\u00e1n de conformidad con la ley de Inglaterra y Gales.<\/p>\n<p>&nbsp;<\/p>\n<h4><strong>11. Datos de contacto<\/strong><\/h4>\n<p>Nuestros datos de contacto son:<\/p>\n<p><strong>Correo:\u00a0<\/strong>Skytrax, 85 Great Portland Street, London W1W 7LT, Reino Unido<\/p>\n<p><strong>Tel:<\/strong>\u00a0+44.203.893.2759<\/p>\n<p><strong>Direcci\u00f3n de correo electr\u00f3nico:\u00a0<\/strong><a href=\"mailto:Peter.Miller@skytrax.uk\">Peter.Miller@skytrax.uk<\/a><\/p>\n","protected":false},"excerpt":{"rendered":"<p>T\u00c9RMINOS DE USO DE LA P\u00c1GINA WEB (&#171;T\u00c9RMINOS&#187;) LEA ESTOS T\u00c9RMINOS CUIDADOSAMENTE YA QUE REGULAN EL USO DE LA P\u00c1GINA WEB WWW.WORLDAIRLINEAWARDS.COM (&#171;P\u00c1GINA WEB&#187;). AL ACCEDER A LA P\u00c1GINA, SE CONSIDERAR\u00c1 QUE HA ACEPTADO ESTOS T\u00c9RMINOS. SI NO ACEPTA ESTOS T\u00c9RMINOS, DEBER\u00c1 DEJAR DE USAR INMEDIATAMENTE LA P\u00c1GINA WEB. DEBE TENER AL MENOS 18 A\u00d1OS &hellip; <\/p>\n<p class=\"link-more\"><a href=\"https:\/\/www.worldairlineawards.com\/es\/terms-and-conditions\/\" class=\"more-link\">Continuar leyendo<span class=\"screen-reader-text\"> &#171;T\u00e9rminos y condiciones&#187;<\/span><\/a><\/p>\n","protected":false},"author":4,"featured_media":1846,"parent":0,"menu_order":0,"comment_status":"closed","ping_status":"closed","template":"","meta":{"_acf_changed":false,"footnotes":""},"class_list":["post-811","page","type-page","status-publish","has-post-thumbnail","hentry"],"acf":[],"yoast_head":"<!-- This site is optimized with the Yoast SEO plugin v27.5 - https:\/\/yoast.com\/product\/yoast-seo-wordpress\/ -->\n<title>T\u00e9rminos y condiciones | SKYTRAX<\/title>\n<meta name=\"description\" content=\"Lea los t\u00e9rminos y condiciones del sitio web de los World Airline Awards.\" \/>\n<meta name=\"robots\" content=\"index, follow, max-snippet:-1, max-image-preview:large, max-video-preview:-1\" \/>\n<link rel=\"canonical\" href=\"https:\/\/www.worldairlineawards.com\/es\/terms-and-conditions\/\" \/>\n<meta property=\"og:locale\" content=\"es_ES\" \/>\n<meta property=\"og:type\" content=\"article\" \/>\n<meta property=\"og:title\" content=\"T\u00e9rminos y condiciones | SKYTRAX\" \/>\n<meta property=\"og:description\" content=\"Lea los t\u00e9rminos y condiciones del sitio web de los World Airline Awards.\" \/>\n<meta property=\"og:url\" content=\"https:\/\/www.worldairlineawards.com\/es\/terms-and-conditions\/\" \/>\n<meta property=\"og:site_name\" content=\"SKYTRAX\" \/>\n<meta property=\"article:modified_time\" content=\"2025-06-19T07:05:01+00:00\" \/>\n<meta property=\"og:image\" content=\"https:\/\/www.worldairlineawards.com\/es\/wp-content\/uploads\/sites\/6\/2018\/06\/person_aircraft_window.jpg\" \/>\n\t<meta property=\"og:image:width\" content=\"1600\" \/>\n\t<meta property=\"og:image:height\" content=\"500\" \/>\n\t<meta property=\"og:image:type\" content=\"image\/jpeg\" \/>\n<meta name=\"twitter:card\" content=\"summary_large_image\" \/>\n<meta name=\"twitter:label1\" content=\"Est. reading time\" \/>\n\t<meta name=\"twitter:data1\" content=\"7 minutos\" \/>\n<script type=\"application\/ld+json\" class=\"yoast-schema-graph\">{\"@context\":\"https:\\\/\\\/schema.org\",\"@graph\":[{\"@type\":\"WebPage\",\"@id\":\"https:\\\/\\\/www.worldairlineawards.com\\\/es\\\/terms-and-conditions\\\/\",\"url\":\"https:\\\/\\\/www.worldairlineawards.com\\\/es\\\/terms-and-conditions\\\/\",\"name\":\"T\u00e9rminos y condiciones | SKYTRAX\",\"isPartOf\":{\"@id\":\"https:\\\/\\\/www.worldairlineawards.com\\\/es\\\/#website\"},\"primaryImageOfPage\":{\"@id\":\"https:\\\/\\\/www.worldairlineawards.com\\\/es\\\/terms-and-conditions\\\/#primaryimage\"},\"image\":{\"@id\":\"https:\\\/\\\/www.worldairlineawards.com\\\/es\\\/terms-and-conditions\\\/#primaryimage\"},\"thumbnailUrl\":\"https:\\\/\\\/www.worldairlineawards.com\\\/es\\\/wp-content\\\/uploads\\\/sites\\\/6\\\/2018\\\/06\\\/person_aircraft_window.jpg\",\"datePublished\":\"2018-06-01T15:11:12+00:00\",\"dateModified\":\"2025-06-19T07:05:01+00:00\",\"description\":\"Lea los t\u00e9rminos y condiciones del sitio web de los World Airline Awards.\",\"breadcrumb\":{\"@id\":\"https:\\\/\\\/www.worldairlineawards.com\\\/es\\\/terms-and-conditions\\\/#breadcrumb\"},\"inLanguage\":\"es\",\"potentialAction\":[{\"@type\":\"ReadAction\",\"target\":[\"https:\\\/\\\/www.worldairlineawards.com\\\/es\\\/terms-and-conditions\\\/\"]}]},{\"@type\":\"ImageObject\",\"inLanguage\":\"es\",\"@id\":\"https:\\\/\\\/www.worldairlineawards.com\\\/es\\\/terms-and-conditions\\\/#primaryimage\",\"url\":\"https:\\\/\\\/www.worldairlineawards.com\\\/es\\\/wp-content\\\/uploads\\\/sites\\\/6\\\/2018\\\/06\\\/person_aircraft_window.jpg\",\"contentUrl\":\"https:\\\/\\\/www.worldairlineawards.com\\\/es\\\/wp-content\\\/uploads\\\/sites\\\/6\\\/2018\\\/06\\\/person_aircraft_window.jpg\",\"width\":1600,\"height\":500},{\"@type\":\"BreadcrumbList\",\"@id\":\"https:\\\/\\\/www.worldairlineawards.com\\\/es\\\/terms-and-conditions\\\/#breadcrumb\",\"itemListElement\":[{\"@type\":\"ListItem\",\"position\":1,\"name\":\"Home\",\"item\":\"https:\\\/\\\/www.worldairlineawards.com\\\/es\\\/\"},{\"@type\":\"ListItem\",\"position\":2,\"name\":\"T\u00e9rminos y condiciones\"}]},{\"@type\":\"WebSite\",\"@id\":\"https:\\\/\\\/www.worldairlineawards.com\\\/es\\\/#website\",\"url\":\"https:\\\/\\\/www.worldairlineawards.com\\\/es\\\/\",\"name\":\"SKYTRAX\",\"description\":\"World Airline Awards\",\"potentialAction\":[{\"@type\":\"SearchAction\",\"target\":{\"@type\":\"EntryPoint\",\"urlTemplate\":\"https:\\\/\\\/www.worldairlineawards.com\\\/es\\\/?s={search_term_string}\"},\"query-input\":{\"@type\":\"PropertyValueSpecification\",\"valueRequired\":true,\"valueName\":\"search_term_string\"}}],\"inLanguage\":\"es\"}]}<\/script>\n<!-- \/ Yoast SEO plugin. -->","yoast_head_json":{"title":"T\u00e9rminos y condiciones | SKYTRAX","description":"Lea los t\u00e9rminos y condiciones del sitio web de los World Airline Awards.","robots":{"index":"index","follow":"follow","max-snippet":"max-snippet:-1","max-image-preview":"max-image-preview:large","max-video-preview":"max-video-preview:-1"},"canonical":"https:\/\/www.worldairlineawards.com\/es\/terms-and-conditions\/","og_locale":"es_ES","og_type":"article","og_title":"T\u00e9rminos y condiciones | SKYTRAX","og_description":"Lea los t\u00e9rminos y condiciones del sitio web de los World Airline Awards.","og_url":"https:\/\/www.worldairlineawards.com\/es\/terms-and-conditions\/","og_site_name":"SKYTRAX","article_modified_time":"2025-06-19T07:05:01+00:00","og_image":[{"width":1600,"height":500,"url":"https:\/\/www.worldairlineawards.com\/es\/wp-content\/uploads\/sites\/6\/2018\/06\/person_aircraft_window.jpg","type":"image\/jpeg"}],"twitter_card":"summary_large_image","twitter_misc":{"Est. reading time":"7 minutos"},"schema":{"@context":"https:\/\/schema.org","@graph":[{"@type":"WebPage","@id":"https:\/\/www.worldairlineawards.com\/es\/terms-and-conditions\/","url":"https:\/\/www.worldairlineawards.com\/es\/terms-and-conditions\/","name":"T\u00e9rminos y condiciones | SKYTRAX","isPartOf":{"@id":"https:\/\/www.worldairlineawards.com\/es\/#website"},"primaryImageOfPage":{"@id":"https:\/\/www.worldairlineawards.com\/es\/terms-and-conditions\/#primaryimage"},"image":{"@id":"https:\/\/www.worldairlineawards.com\/es\/terms-and-conditions\/#primaryimage"},"thumbnailUrl":"https:\/\/www.worldairlineawards.com\/es\/wp-content\/uploads\/sites\/6\/2018\/06\/person_aircraft_window.jpg","datePublished":"2018-06-01T15:11:12+00:00","dateModified":"2025-06-19T07:05:01+00:00","description":"Lea los t\u00e9rminos y condiciones del sitio web de los World Airline Awards.","breadcrumb":{"@id":"https:\/\/www.worldairlineawards.com\/es\/terms-and-conditions\/#breadcrumb"},"inLanguage":"es","potentialAction":[{"@type":"ReadAction","target":["https:\/\/www.worldairlineawards.com\/es\/terms-and-conditions\/"]}]},{"@type":"ImageObject","inLanguage":"es","@id":"https:\/\/www.worldairlineawards.com\/es\/terms-and-conditions\/#primaryimage","url":"https:\/\/www.worldairlineawards.com\/es\/wp-content\/uploads\/sites\/6\/2018\/06\/person_aircraft_window.jpg","contentUrl":"https:\/\/www.worldairlineawards.com\/es\/wp-content\/uploads\/sites\/6\/2018\/06\/person_aircraft_window.jpg","width":1600,"height":500},{"@type":"BreadcrumbList","@id":"https:\/\/www.worldairlineawards.com\/es\/terms-and-conditions\/#breadcrumb","itemListElement":[{"@type":"ListItem","position":1,"name":"Home","item":"https:\/\/www.worldairlineawards.com\/es\/"},{"@type":"ListItem","position":2,"name":"T\u00e9rminos y condiciones"}]},{"@type":"WebSite","@id":"https:\/\/www.worldairlineawards.com\/es\/#website","url":"https:\/\/www.worldairlineawards.com\/es\/","name":"SKYTRAX","description":"World Airline Awards","potentialAction":[{"@type":"SearchAction","target":{"@type":"EntryPoint","urlTemplate":"https:\/\/www.worldairlineawards.com\/es\/?s={search_term_string}"},"query-input":{"@type":"PropertyValueSpecification","valueRequired":true,"valueName":"search_term_string"}}],"inLanguage":"es"}]}},"_links":{"self":[{"href":"https:\/\/www.worldairlineawards.com\/es\/wp-json\/wp\/v2\/pages\/811","targetHints":{"allow":["GET"]}}],"collection":[{"href":"https:\/\/www.worldairlineawards.com\/es\/wp-json\/wp\/v2\/pages"}],"about":[{"href":"https:\/\/www.worldairlineawards.com\/es\/wp-json\/wp\/v2\/types\/page"}],"author":[{"embeddable":true,"href":"https:\/\/www.worldairlineawards.com\/es\/wp-json\/wp\/v2\/users\/4"}],"replies":[{"embeddable":true,"href":"https:\/\/www.worldairlineawards.com\/es\/wp-json\/wp\/v2\/comments?post=811"}],"version-history":[{"count":0,"href":"https:\/\/www.worldairlineawards.com\/es\/wp-json\/wp\/v2\/pages\/811\/revisions"}],"wp:featuredmedia":[{"embeddable":true,"href":"https:\/\/www.worldairlineawards.com\/es\/wp-json\/wp\/v2\/media\/1846"}],"wp:attachment":[{"href":"https:\/\/www.worldairlineawards.com\/es\/wp-json\/wp\/v2\/media?parent=811"}],"curies":[{"name":"wp","href":"https:\/\/api.w.org\/{rel}","templated":true}]}}