{"id":8,"date":"2018-04-28T22:22:56","date_gmt":"2018-04-28T21:22:56","guid":{"rendered":"https:\/\/skytraxawards.dev\/?page_id=8"},"modified":"2025-06-22T09:01:11","modified_gmt":"2025-06-22T08:01:11","slug":"about-us","status":"publish","type":"page","link":"https:\/\/www.worldairlineawards.com\/es\/about-us\/","title":{"rendered":"Acerca de los World Airline Awards"},"content":{"rendered":"","protected":false},"excerpt":{"rendered":"","protected":false},"author":4,"featured_media":3278,"parent":0,"menu_order":0,"comment_status":"closed","ping_status":"closed","template":"template-parts\/aboutpage_template.php","meta":{"_acf_changed":false,"footnotes":""},"class_list":["post-8","page","type-page","status-publish","has-post-thumbnail","hentry"],"acf":[],"yoast_head":"<!-- This site is optimized with the Yoast SEO plugin v27.4 - https:\/\/yoast.com\/product\/yoast-seo-wordpress\/ -->\n<title>Acerca de los World Airline Awards | SKYTRAX<\/title>\n<meta name=\"description\" content=\"Considerados &quot;los Oscars del sector de la aviaci\u00f3n&quot;, los World Airline Awards son los galardones de calidad m\u00e1s codiciados, y representan un referente de excelencia para las aerol\u00edneas.\" \/>\n<meta name=\"robots\" content=\"index, follow, max-snippet:-1, max-image-preview:large, max-video-preview:-1\" \/>\n<link rel=\"canonical\" href=\"https:\/\/www.worldairlineawards.com\/es\/about-us\/\" \/>\n<meta property=\"og:locale\" content=\"es_ES\" \/>\n<meta property=\"og:type\" content=\"article\" \/>\n<meta property=\"og:title\" content=\"Acerca de los World Airline Awards | SKYTRAX\" \/>\n<meta property=\"og:description\" content=\"Considerados &quot;los Oscars del sector de la aviaci\u00f3n&quot;, los World Airline Awards son los galardones de calidad m\u00e1s codiciados, y representan un referente de excelencia para las aerol\u00edneas.\" \/>\n<meta property=\"og:url\" content=\"https:\/\/www.worldairlineawards.com\/es\/about-us\/\" \/>\n<meta property=\"og:site_name\" content=\"SKYTRAX\" \/>\n<meta property=\"article:modified_time\" content=\"2025-06-22T08:01:11+00:00\" \/>\n<meta property=\"og:image\" content=\"https:\/\/www.worldairlineawards.com\/es\/wp-content\/uploads\/sites\/6\/2018\/08\/pax_fids.jpg\" \/>\n\t<meta property=\"og:image:width\" content=\"1600\" \/>\n\t<meta property=\"og:image:height\" content=\"400\" \/>\n\t<meta property=\"og:image:type\" content=\"image\/jpeg\" \/>\n<meta name=\"twitter:card\" content=\"summary_large_image\" \/>\n<meta name=\"twitter:label1\" content=\"Est. reading time\" \/>\n\t<meta name=\"twitter:data1\" content=\"1 minuto\" \/>\n<script type=\"application\/ld+json\" class=\"yoast-schema-graph\">{\"@context\":\"https:\\\/\\\/schema.org\",\"@graph\":[{\"@type\":\"WebPage\",\"@id\":\"https:\\\/\\\/www.worldairlineawards.com\\\/es\\\/about-us\\\/\",\"url\":\"https:\\\/\\\/www.worldairlineawards.com\\\/es\\\/about-us\\\/\",\"name\":\"Acerca de los World Airline Awards | SKYTRAX\",\"isPartOf\":{\"@id\":\"https:\\\/\\\/www.worldairlineawards.com\\\/es\\\/#website\"},\"primaryImageOfPage\":{\"@id\":\"https:\\\/\\\/www.worldairlineawards.com\\\/es\\\/about-us\\\/#primaryimage\"},\"image\":{\"@id\":\"https:\\\/\\\/www.worldairlineawards.com\\\/es\\\/about-us\\\/#primaryimage\"},\"thumbnailUrl\":\"https:\\\/\\\/www.worldairlineawards.com\\\/es\\\/wp-content\\\/uploads\\\/sites\\\/6\\\/2018\\\/08\\\/pax_fids.jpg\",\"datePublished\":\"2018-04-28T21:22:56+00:00\",\"dateModified\":\"2025-06-22T08:01:11+00:00\",\"description\":\"Considerados \\\"los Oscars del sector de la aviaci\u00f3n\\\", los World Airline Awards son los galardones de calidad m\u00e1s codiciados, y representan un referente de excelencia para las aerol\u00edneas.\",\"breadcrumb\":{\"@id\":\"https:\\\/\\\/www.worldairlineawards.com\\\/es\\\/about-us\\\/#breadcrumb\"},\"inLanguage\":\"es\",\"potentialAction\":[{\"@type\":\"ReadAction\",\"target\":[\"https:\\\/\\\/www.worldairlineawards.com\\\/es\\\/about-us\\\/\"]}]},{\"@type\":\"ImageObject\",\"inLanguage\":\"es\",\"@id\":\"https:\\\/\\\/www.worldairlineawards.com\\\/es\\\/about-us\\\/#primaryimage\",\"url\":\"https:\\\/\\\/www.worldairlineawards.com\\\/es\\\/wp-content\\\/uploads\\\/sites\\\/6\\\/2018\\\/08\\\/pax_fids.jpg\",\"contentUrl\":\"https:\\\/\\\/www.worldairlineawards.com\\\/es\\\/wp-content\\\/uploads\\\/sites\\\/6\\\/2018\\\/08\\\/pax_fids.jpg\",\"width\":1600,\"height\":400,\"caption\":\"pantallas informativas de llegadas y salidas de vuelos\"},{\"@type\":\"BreadcrumbList\",\"@id\":\"https:\\\/\\\/www.worldairlineawards.com\\\/es\\\/about-us\\\/#breadcrumb\",\"itemListElement\":[{\"@type\":\"ListItem\",\"position\":1,\"name\":\"Home\",\"item\":\"https:\\\/\\\/www.worldairlineawards.com\\\/es\\\/\"},{\"@type\":\"ListItem\",\"position\":2,\"name\":\"Acerca de los World Airline Awards\"}]},{\"@type\":\"WebSite\",\"@id\":\"https:\\\/\\\/www.worldairlineawards.com\\\/es\\\/#website\",\"url\":\"https:\\\/\\\/www.worldairlineawards.com\\\/es\\\/\",\"name\":\"SKYTRAX\",\"description\":\"World Airline Awards\",\"potentialAction\":[{\"@type\":\"SearchAction\",\"target\":{\"@type\":\"EntryPoint\",\"urlTemplate\":\"https:\\\/\\\/www.worldairlineawards.com\\\/es\\\/?s={search_term_string}\"},\"query-input\":{\"@type\":\"PropertyValueSpecification\",\"valueRequired\":true,\"valueName\":\"search_term_string\"}}],\"inLanguage\":\"es\"}]}<\/script>\n<!-- \/ Yoast SEO plugin. -->","yoast_head_json":{"title":"Acerca de los World Airline Awards | SKYTRAX","description":"Considerados \"los Oscars del sector de la aviaci\u00f3n\", los World Airline Awards son los galardones de calidad m\u00e1s codiciados, y representan un referente de excelencia para las aerol\u00edneas.","robots":{"index":"index","follow":"follow","max-snippet":"max-snippet:-1","max-image-preview":"max-image-preview:large","max-video-preview":"max-video-preview:-1"},"canonical":"https:\/\/www.worldairlineawards.com\/es\/about-us\/","og_locale":"es_ES","og_type":"article","og_title":"Acerca de los World Airline Awards | SKYTRAX","og_description":"Considerados \"los Oscars del sector de la aviaci\u00f3n\", los World Airline Awards son los galardones de calidad m\u00e1s codiciados, y representan un referente de excelencia para las aerol\u00edneas.","og_url":"https:\/\/www.worldairlineawards.com\/es\/about-us\/","og_site_name":"SKYTRAX","article_modified_time":"2025-06-22T08:01:11+00:00","og_image":[{"width":1600,"height":400,"url":"https:\/\/www.worldairlineawards.com\/es\/wp-content\/uploads\/sites\/6\/2018\/08\/pax_fids.jpg","type":"image\/jpeg"}],"twitter_card":"summary_large_image","twitter_misc":{"Est. reading time":"1 minuto"},"schema":{"@context":"https:\/\/schema.org","@graph":[{"@type":"WebPage","@id":"https:\/\/www.worldairlineawards.com\/es\/about-us\/","url":"https:\/\/www.worldairlineawards.com\/es\/about-us\/","name":"Acerca de los World Airline Awards | SKYTRAX","isPartOf":{"@id":"https:\/\/www.worldairlineawards.com\/es\/#website"},"primaryImageOfPage":{"@id":"https:\/\/www.worldairlineawards.com\/es\/about-us\/#primaryimage"},"image":{"@id":"https:\/\/www.worldairlineawards.com\/es\/about-us\/#primaryimage"},"thumbnailUrl":"https:\/\/www.worldairlineawards.com\/es\/wp-content\/uploads\/sites\/6\/2018\/08\/pax_fids.jpg","datePublished":"2018-04-28T21:22:56+00:00","dateModified":"2025-06-22T08:01:11+00:00","description":"Considerados \"los Oscars del sector de la aviaci\u00f3n\", los World Airline Awards son los galardones de calidad m\u00e1s codiciados, y representan un referente de excelencia para las aerol\u00edneas.","breadcrumb":{"@id":"https:\/\/www.worldairlineawards.com\/es\/about-us\/#breadcrumb"},"inLanguage":"es","potentialAction":[{"@type":"ReadAction","target":["https:\/\/www.worldairlineawards.com\/es\/about-us\/"]}]},{"@type":"ImageObject","inLanguage":"es","@id":"https:\/\/www.worldairlineawards.com\/es\/about-us\/#primaryimage","url":"https:\/\/www.worldairlineawards.com\/es\/wp-content\/uploads\/sites\/6\/2018\/08\/pax_fids.jpg","contentUrl":"https:\/\/www.worldairlineawards.com\/es\/wp-content\/uploads\/sites\/6\/2018\/08\/pax_fids.jpg","width":1600,"height":400,"caption":"pantallas informativas de llegadas y salidas de vuelos"},{"@type":"BreadcrumbList","@id":"https:\/\/www.worldairlineawards.com\/es\/about-us\/#breadcrumb","itemListElement":[{"@type":"ListItem","position":1,"name":"Home","item":"https:\/\/www.worldairlineawards.com\/es\/"},{"@type":"ListItem","position":2,"name":"Acerca de los World Airline Awards"}]},{"@type":"WebSite","@id":"https:\/\/www.worldairlineawards.com\/es\/#website","url":"https:\/\/www.worldairlineawards.com\/es\/","name":"SKYTRAX","description":"World Airline Awards","potentialAction":[{"@type":"SearchAction","target":{"@type":"EntryPoint","urlTemplate":"https:\/\/www.worldairlineawards.com\/es\/?s={search_term_string}"},"query-input":{"@type":"PropertyValueSpecification","valueRequired":true,"valueName":"search_term_string"}}],"inLanguage":"es"}]}},"_links":{"self":[{"href":"https:\/\/www.worldairlineawards.com\/es\/wp-json\/wp\/v2\/pages\/8","targetHints":{"allow":["GET"]}}],"collection":[{"href":"https:\/\/www.worldairlineawards.com\/es\/wp-json\/wp\/v2\/pages"}],"about":[{"href":"https:\/\/www.worldairlineawards.com\/es\/wp-json\/wp\/v2\/types\/page"}],"author":[{"embeddable":true,"href":"https:\/\/www.worldairlineawards.com\/es\/wp-json\/wp\/v2\/users\/4"}],"replies":[{"embeddable":true,"href":"https:\/\/www.worldairlineawards.com\/es\/wp-json\/wp\/v2\/comments?post=8"}],"version-history":[{"count":0,"href":"https:\/\/www.worldairlineawards.com\/es\/wp-json\/wp\/v2\/pages\/8\/revisions"}],"wp:featuredmedia":[{"embeddable":true,"href":"https:\/\/www.worldairlineawards.com\/es\/wp-json\/wp\/v2\/media\/3278"}],"wp:attachment":[{"href":"https:\/\/www.worldairlineawards.com\/es\/wp-json\/wp\/v2\/media?parent=8"}],"curies":[{"name":"wp","href":"https:\/\/api.w.org\/{rel}","templated":true}]}}