{"id":5379,"date":"2025-06-17T08:59:45","date_gmt":"2025-06-17T07:59:45","guid":{"rendered":"https:\/\/www.worldairlineawards.com\/es\/?page_id=5379"},"modified":"2025-06-17T08:59:45","modified_gmt":"2025-06-17T07:59:45","slug":"mejores-aerolineas-de-recreo-del-mundo-2025","status":"publish","type":"page","link":"https:\/\/www.worldairlineawards.com\/es\/mejores-aerolineas-de-recreo-del-mundo-2025\/","title":{"rendered":"Mejores aerol\u00edneas de recreo del mundo en 2025"},"content":{"rendered":"","protected":false},"excerpt":{"rendered":"","protected":false},"author":4,"featured_media":3747,"parent":0,"menu_order":0,"comment_status":"closed","ping_status":"closed","template":"template-parts\/award-listing-template.php","meta":{"_acf_changed":false,"footnotes":""},"class_list":["post-5379","page","type-page","status-publish","has-post-thumbnail","hentry"],"acf":[],"yoast_head":"<!-- This site is optimized with the Yoast SEO plugin v27.3 - https:\/\/yoast.com\/product\/yoast-seo-wordpress\/ -->\n<title>Mejores aerol\u00edneas de recreo del mundo en 2025 | SKYTRAX<\/title>\n<meta name=\"description\" content=\"Consulte y compare las mejores aerol\u00edneas de recreo y charter del mundo en 2025 votadas por los viajeros a trav\u00e9s de la encuesta mundial de satisfacci\u00f3n de pasajeros de aerol\u00edneas.\" \/>\n<meta name=\"robots\" content=\"index, follow, max-snippet:-1, max-image-preview:large, max-video-preview:-1\" \/>\n<link rel=\"canonical\" href=\"https:\/\/www.worldairlineawards.com\/es\/mejores-aerolineas-de-recreo-del-mundo-2025\/\" \/>\n<meta property=\"og:locale\" content=\"es_ES\" \/>\n<meta property=\"og:type\" content=\"article\" \/>\n<meta property=\"og:title\" content=\"Mejores aerol\u00edneas de recreo del mundo en 2025 | SKYTRAX\" \/>\n<meta property=\"og:description\" content=\"Consulte y compare las mejores aerol\u00edneas de recreo y charter del mundo en 2025 votadas por los viajeros a trav\u00e9s de la encuesta mundial de satisfacci\u00f3n de pasajeros de aerol\u00edneas.\" \/>\n<meta property=\"og:url\" content=\"https:\/\/www.worldairlineawards.com\/es\/mejores-aerolineas-de-recreo-del-mundo-2025\/\" \/>\n<meta property=\"og:site_name\" content=\"SKYTRAX\" \/>\n<meta property=\"og:image\" content=\"https:\/\/www.worldairlineawards.com\/es\/wp-content\/uploads\/sites\/6\/2019\/06\/awards_gallery.jpg\" \/>\n\t<meta property=\"og:image:width\" content=\"1600\" \/>\n\t<meta property=\"og:image:height\" content=\"400\" \/>\n\t<meta property=\"og:image:type\" content=\"image\/jpeg\" \/>\n<meta name=\"twitter:card\" content=\"summary_large_image\" \/>\n<meta name=\"twitter:label1\" content=\"Est. reading time\" \/>\n\t<meta name=\"twitter:data1\" content=\"1 minuto\" \/>\n<script type=\"application\/ld+json\" class=\"yoast-schema-graph\">{\"@context\":\"https:\\\/\\\/schema.org\",\"@graph\":[{\"@type\":\"WebPage\",\"@id\":\"https:\\\/\\\/www.worldairlineawards.com\\\/es\\\/mejores-aerolineas-de-recreo-del-mundo-2025\\\/\",\"url\":\"https:\\\/\\\/www.worldairlineawards.com\\\/es\\\/mejores-aerolineas-de-recreo-del-mundo-2025\\\/\",\"name\":\"Mejores aerol\u00edneas de recreo del mundo en 2025 | SKYTRAX\",\"isPartOf\":{\"@id\":\"https:\\\/\\\/www.worldairlineawards.com\\\/es\\\/#website\"},\"primaryImageOfPage\":{\"@id\":\"https:\\\/\\\/www.worldairlineawards.com\\\/es\\\/mejores-aerolineas-de-recreo-del-mundo-2025\\\/#primaryimage\"},\"image\":{\"@id\":\"https:\\\/\\\/www.worldairlineawards.com\\\/es\\\/mejores-aerolineas-de-recreo-del-mundo-2025\\\/#primaryimage\"},\"thumbnailUrl\":\"https:\\\/\\\/www.worldairlineawards.com\\\/es\\\/wp-content\\\/uploads\\\/sites\\\/6\\\/2019\\\/06\\\/awards_gallery.jpg\",\"datePublished\":\"2025-06-17T07:59:45+00:00\",\"description\":\"Consulte y compare las mejores aerol\u00edneas de recreo y charter del mundo en 2025 votadas por los viajeros a trav\u00e9s de la encuesta mundial de satisfacci\u00f3n de pasajeros de aerol\u00edneas.\",\"breadcrumb\":{\"@id\":\"https:\\\/\\\/www.worldairlineawards.com\\\/es\\\/mejores-aerolineas-de-recreo-del-mundo-2025\\\/#breadcrumb\"},\"inLanguage\":\"es\",\"potentialAction\":[{\"@type\":\"ReadAction\",\"target\":[\"https:\\\/\\\/www.worldairlineawards.com\\\/es\\\/mejores-aerolineas-de-recreo-del-mundo-2025\\\/\"]}]},{\"@type\":\"ImageObject\",\"inLanguage\":\"es\",\"@id\":\"https:\\\/\\\/www.worldairlineawards.com\\\/es\\\/mejores-aerolineas-de-recreo-del-mundo-2025\\\/#primaryimage\",\"url\":\"https:\\\/\\\/www.worldairlineawards.com\\\/es\\\/wp-content\\\/uploads\\\/sites\\\/6\\\/2019\\\/06\\\/awards_gallery.jpg\",\"contentUrl\":\"https:\\\/\\\/www.worldairlineawards.com\\\/es\\\/wp-content\\\/uploads\\\/sites\\\/6\\\/2019\\\/06\\\/awards_gallery.jpg\",\"width\":1600,\"height\":400,\"caption\":\"ceremonia de premios con alfombra roja\"},{\"@type\":\"BreadcrumbList\",\"@id\":\"https:\\\/\\\/www.worldairlineawards.com\\\/es\\\/mejores-aerolineas-de-recreo-del-mundo-2025\\\/#breadcrumb\",\"itemListElement\":[{\"@type\":\"ListItem\",\"position\":1,\"name\":\"Home\",\"item\":\"https:\\\/\\\/www.worldairlineawards.com\\\/es\\\/\"},{\"@type\":\"ListItem\",\"position\":2,\"name\":\"Mejores aerol\u00edneas de recreo del mundo en 2025\"}]},{\"@type\":\"WebSite\",\"@id\":\"https:\\\/\\\/www.worldairlineawards.com\\\/es\\\/#website\",\"url\":\"https:\\\/\\\/www.worldairlineawards.com\\\/es\\\/\",\"name\":\"SKYTRAX\",\"description\":\"World Airline Awards\",\"potentialAction\":[{\"@type\":\"SearchAction\",\"target\":{\"@type\":\"EntryPoint\",\"urlTemplate\":\"https:\\\/\\\/www.worldairlineawards.com\\\/es\\\/?s={search_term_string}\"},\"query-input\":{\"@type\":\"PropertyValueSpecification\",\"valueRequired\":true,\"valueName\":\"search_term_string\"}}],\"inLanguage\":\"es\"}]}<\/script>\n<!-- \/ Yoast SEO plugin. -->","yoast_head_json":{"title":"Mejores aerol\u00edneas de recreo del mundo en 2025 | SKYTRAX","description":"Consulte y compare las mejores aerol\u00edneas de recreo y charter del mundo en 2025 votadas por los viajeros a trav\u00e9s de la encuesta mundial de satisfacci\u00f3n de pasajeros de aerol\u00edneas.","robots":{"index":"index","follow":"follow","max-snippet":"max-snippet:-1","max-image-preview":"max-image-preview:large","max-video-preview":"max-video-preview:-1"},"canonical":"https:\/\/www.worldairlineawards.com\/es\/mejores-aerolineas-de-recreo-del-mundo-2025\/","og_locale":"es_ES","og_type":"article","og_title":"Mejores aerol\u00edneas de recreo del mundo en 2025 | SKYTRAX","og_description":"Consulte y compare las mejores aerol\u00edneas de recreo y charter del mundo en 2025 votadas por los viajeros a trav\u00e9s de la encuesta mundial de satisfacci\u00f3n de pasajeros de aerol\u00edneas.","og_url":"https:\/\/www.worldairlineawards.com\/es\/mejores-aerolineas-de-recreo-del-mundo-2025\/","og_site_name":"SKYTRAX","og_image":[{"width":1600,"height":400,"url":"https:\/\/www.worldairlineawards.com\/es\/wp-content\/uploads\/sites\/6\/2019\/06\/awards_gallery.jpg","type":"image\/jpeg"}],"twitter_card":"summary_large_image","twitter_misc":{"Est. reading time":"1 minuto"},"schema":{"@context":"https:\/\/schema.org","@graph":[{"@type":"WebPage","@id":"https:\/\/www.worldairlineawards.com\/es\/mejores-aerolineas-de-recreo-del-mundo-2025\/","url":"https:\/\/www.worldairlineawards.com\/es\/mejores-aerolineas-de-recreo-del-mundo-2025\/","name":"Mejores aerol\u00edneas de recreo del mundo en 2025 | SKYTRAX","isPartOf":{"@id":"https:\/\/www.worldairlineawards.com\/es\/#website"},"primaryImageOfPage":{"@id":"https:\/\/www.worldairlineawards.com\/es\/mejores-aerolineas-de-recreo-del-mundo-2025\/#primaryimage"},"image":{"@id":"https:\/\/www.worldairlineawards.com\/es\/mejores-aerolineas-de-recreo-del-mundo-2025\/#primaryimage"},"thumbnailUrl":"https:\/\/www.worldairlineawards.com\/es\/wp-content\/uploads\/sites\/6\/2019\/06\/awards_gallery.jpg","datePublished":"2025-06-17T07:59:45+00:00","description":"Consulte y compare las mejores aerol\u00edneas de recreo y charter del mundo en 2025 votadas por los viajeros a trav\u00e9s de la encuesta mundial de satisfacci\u00f3n de pasajeros de aerol\u00edneas.","breadcrumb":{"@id":"https:\/\/www.worldairlineawards.com\/es\/mejores-aerolineas-de-recreo-del-mundo-2025\/#breadcrumb"},"inLanguage":"es","potentialAction":[{"@type":"ReadAction","target":["https:\/\/www.worldairlineawards.com\/es\/mejores-aerolineas-de-recreo-del-mundo-2025\/"]}]},{"@type":"ImageObject","inLanguage":"es","@id":"https:\/\/www.worldairlineawards.com\/es\/mejores-aerolineas-de-recreo-del-mundo-2025\/#primaryimage","url":"https:\/\/www.worldairlineawards.com\/es\/wp-content\/uploads\/sites\/6\/2019\/06\/awards_gallery.jpg","contentUrl":"https:\/\/www.worldairlineawards.com\/es\/wp-content\/uploads\/sites\/6\/2019\/06\/awards_gallery.jpg","width":1600,"height":400,"caption":"ceremonia de premios con alfombra roja"},{"@type":"BreadcrumbList","@id":"https:\/\/www.worldairlineawards.com\/es\/mejores-aerolineas-de-recreo-del-mundo-2025\/#breadcrumb","itemListElement":[{"@type":"ListItem","position":1,"name":"Home","item":"https:\/\/www.worldairlineawards.com\/es\/"},{"@type":"ListItem","position":2,"name":"Mejores aerol\u00edneas de recreo del mundo en 2025"}]},{"@type":"WebSite","@id":"https:\/\/www.worldairlineawards.com\/es\/#website","url":"https:\/\/www.worldairlineawards.com\/es\/","name":"SKYTRAX","description":"World Airline Awards","potentialAction":[{"@type":"SearchAction","target":{"@type":"EntryPoint","urlTemplate":"https:\/\/www.worldairlineawards.com\/es\/?s={search_term_string}"},"query-input":{"@type":"PropertyValueSpecification","valueRequired":true,"valueName":"search_term_string"}}],"inLanguage":"es"}]}},"_links":{"self":[{"href":"https:\/\/www.worldairlineawards.com\/es\/wp-json\/wp\/v2\/pages\/5379","targetHints":{"allow":["GET"]}}],"collection":[{"href":"https:\/\/www.worldairlineawards.com\/es\/wp-json\/wp\/v2\/pages"}],"about":[{"href":"https:\/\/www.worldairlineawards.com\/es\/wp-json\/wp\/v2\/types\/page"}],"author":[{"embeddable":true,"href":"https:\/\/www.worldairlineawards.com\/es\/wp-json\/wp\/v2\/users\/4"}],"replies":[{"embeddable":true,"href":"https:\/\/www.worldairlineawards.com\/es\/wp-json\/wp\/v2\/comments?post=5379"}],"version-history":[{"count":0,"href":"https:\/\/www.worldairlineawards.com\/es\/wp-json\/wp\/v2\/pages\/5379\/revisions"}],"wp:featuredmedia":[{"embeddable":true,"href":"https:\/\/www.worldairlineawards.com\/es\/wp-json\/wp\/v2\/media\/3747"}],"wp:attachment":[{"href":"https:\/\/www.worldairlineawards.com\/es\/wp-json\/wp\/v2\/media?parent=5379"}],"curies":[{"name":"wp","href":"https:\/\/api.w.org\/{rel}","templated":true}]}}