{"id":1691,"date":"2018-06-08T16:31:59","date_gmt":"2018-06-08T15:31:59","guid":{"rendered":"http:\/\/skytraxawards.minttwiststaging.com\/?page_id=1691"},"modified":"2025-06-19T08:02:08","modified_gmt":"2025-06-19T07:02:08","slug":"metodologia-de-los-premios","status":"publish","type":"page","link":"https:\/\/www.worldairlineawards.com\/es\/metodologia-de-los-premios\/","title":{"rendered":"Metodolog\u00eda de los premios"},"content":{"rendered":"","protected":false},"excerpt":{"rendered":"","protected":false},"author":4,"featured_media":3282,"parent":0,"menu_order":0,"comment_status":"closed","ping_status":"closed","template":"template-parts\/awards-methodology_template.php","meta":{"_acf_changed":false,"footnotes":""},"class_list":["post-1691","page","type-page","status-publish","has-post-thumbnail","hentry"],"acf":[],"yoast_head":"<!-- This site is optimized with the Yoast SEO plugin v27.5 - https:\/\/yoast.com\/product\/yoast-seo-wordpress\/ -->\n<title>Metodolog\u00eda de los premios | SKYTRAX<\/title>\n<meta name=\"description\" content=\"Skytrax publica la metodolog\u00eda y la informaci\u00f3n de los World Airline Awards, as\u00ed como los sistemas de encuestas para usuarios y los posteriores resultados.\" \/>\n<meta name=\"robots\" content=\"index, follow, max-snippet:-1, max-image-preview:large, max-video-preview:-1\" \/>\n<link rel=\"canonical\" href=\"https:\/\/www.worldairlineawards.com\/es\/metodologia-de-los-premios\/\" \/>\n<meta property=\"og:locale\" content=\"es_ES\" \/>\n<meta property=\"og:type\" content=\"article\" \/>\n<meta property=\"og:title\" content=\"Metodolog\u00eda de los premios | SKYTRAX\" \/>\n<meta property=\"og:description\" content=\"Skytrax publica la metodolog\u00eda y la informaci\u00f3n de los World Airline Awards, as\u00ed como los sistemas de encuestas para usuarios y los posteriores resultados.\" \/>\n<meta property=\"og:url\" content=\"https:\/\/www.worldairlineawards.com\/es\/metodologia-de-los-premios\/\" \/>\n<meta property=\"og:site_name\" content=\"SKYTRAX\" \/>\n<meta property=\"article:modified_time\" content=\"2025-06-19T07:02:08+00:00\" \/>\n<meta property=\"og:image\" content=\"https:\/\/www.worldairlineawards.com\/es\/wp-content\/uploads\/sites\/6\/2018\/09\/pax_fids_2.jpg\" \/>\n\t<meta property=\"og:image:width\" content=\"1600\" \/>\n\t<meta property=\"og:image:height\" content=\"400\" \/>\n\t<meta property=\"og:image:type\" content=\"image\/jpeg\" \/>\n<meta name=\"twitter:card\" content=\"summary_large_image\" \/>\n<meta name=\"twitter:label1\" content=\"Est. reading time\" \/>\n\t<meta name=\"twitter:data1\" content=\"1 minuto\" \/>\n<script type=\"application\/ld+json\" class=\"yoast-schema-graph\">{\"@context\":\"https:\\\/\\\/schema.org\",\"@graph\":[{\"@type\":\"WebPage\",\"@id\":\"https:\\\/\\\/www.worldairlineawards.com\\\/es\\\/metodologia-de-los-premios\\\/\",\"url\":\"https:\\\/\\\/www.worldairlineawards.com\\\/es\\\/metodologia-de-los-premios\\\/\",\"name\":\"Metodolog\u00eda de los premios | SKYTRAX\",\"isPartOf\":{\"@id\":\"https:\\\/\\\/www.worldairlineawards.com\\\/es\\\/#website\"},\"primaryImageOfPage\":{\"@id\":\"https:\\\/\\\/www.worldairlineawards.com\\\/es\\\/metodologia-de-los-premios\\\/#primaryimage\"},\"image\":{\"@id\":\"https:\\\/\\\/www.worldairlineawards.com\\\/es\\\/metodologia-de-los-premios\\\/#primaryimage\"},\"thumbnailUrl\":\"https:\\\/\\\/www.worldairlineawards.com\\\/es\\\/wp-content\\\/uploads\\\/sites\\\/6\\\/2018\\\/09\\\/pax_fids_2.jpg\",\"datePublished\":\"2018-06-08T15:31:59+00:00\",\"dateModified\":\"2025-06-19T07:02:08+00:00\",\"description\":\"Skytrax publica la metodolog\u00eda y la informaci\u00f3n de los World Airline Awards, as\u00ed como los sistemas de encuestas para usuarios y los posteriores resultados.\",\"breadcrumb\":{\"@id\":\"https:\\\/\\\/www.worldairlineawards.com\\\/es\\\/metodologia-de-los-premios\\\/#breadcrumb\"},\"inLanguage\":\"es\",\"potentialAction\":[{\"@type\":\"ReadAction\",\"target\":[\"https:\\\/\\\/www.worldairlineawards.com\\\/es\\\/metodologia-de-los-premios\\\/\"]}]},{\"@type\":\"ImageObject\",\"inLanguage\":\"es\",\"@id\":\"https:\\\/\\\/www.worldairlineawards.com\\\/es\\\/metodologia-de-los-premios\\\/#primaryimage\",\"url\":\"https:\\\/\\\/www.worldairlineawards.com\\\/es\\\/wp-content\\\/uploads\\\/sites\\\/6\\\/2018\\\/09\\\/pax_fids_2.jpg\",\"contentUrl\":\"https:\\\/\\\/www.worldairlineawards.com\\\/es\\\/wp-content\\\/uploads\\\/sites\\\/6\\\/2018\\\/09\\\/pax_fids_2.jpg\",\"width\":1600,\"height\":400,\"caption\":\"usuario mirando las pantallas informativas de vuelos\"},{\"@type\":\"BreadcrumbList\",\"@id\":\"https:\\\/\\\/www.worldairlineawards.com\\\/es\\\/metodologia-de-los-premios\\\/#breadcrumb\",\"itemListElement\":[{\"@type\":\"ListItem\",\"position\":1,\"name\":\"Home\",\"item\":\"https:\\\/\\\/www.worldairlineawards.com\\\/es\\\/\"},{\"@type\":\"ListItem\",\"position\":2,\"name\":\"Metodolog\u00eda de los premios\"}]},{\"@type\":\"WebSite\",\"@id\":\"https:\\\/\\\/www.worldairlineawards.com\\\/es\\\/#website\",\"url\":\"https:\\\/\\\/www.worldairlineawards.com\\\/es\\\/\",\"name\":\"SKYTRAX\",\"description\":\"World Airline Awards\",\"potentialAction\":[{\"@type\":\"SearchAction\",\"target\":{\"@type\":\"EntryPoint\",\"urlTemplate\":\"https:\\\/\\\/www.worldairlineawards.com\\\/es\\\/?s={search_term_string}\"},\"query-input\":{\"@type\":\"PropertyValueSpecification\",\"valueRequired\":true,\"valueName\":\"search_term_string\"}}],\"inLanguage\":\"es\"}]}<\/script>\n<!-- \/ Yoast SEO plugin. -->","yoast_head_json":{"title":"Metodolog\u00eda de los premios | SKYTRAX","description":"Skytrax publica la metodolog\u00eda y la informaci\u00f3n de los World Airline Awards, as\u00ed como los sistemas de encuestas para usuarios y los posteriores resultados.","robots":{"index":"index","follow":"follow","max-snippet":"max-snippet:-1","max-image-preview":"max-image-preview:large","max-video-preview":"max-video-preview:-1"},"canonical":"https:\/\/www.worldairlineawards.com\/es\/metodologia-de-los-premios\/","og_locale":"es_ES","og_type":"article","og_title":"Metodolog\u00eda de los premios | SKYTRAX","og_description":"Skytrax publica la metodolog\u00eda y la informaci\u00f3n de los World Airline Awards, as\u00ed como los sistemas de encuestas para usuarios y los posteriores resultados.","og_url":"https:\/\/www.worldairlineawards.com\/es\/metodologia-de-los-premios\/","og_site_name":"SKYTRAX","article_modified_time":"2025-06-19T07:02:08+00:00","og_image":[{"width":1600,"height":400,"url":"https:\/\/www.worldairlineawards.com\/es\/wp-content\/uploads\/sites\/6\/2018\/09\/pax_fids_2.jpg","type":"image\/jpeg"}],"twitter_card":"summary_large_image","twitter_misc":{"Est. reading time":"1 minuto"},"schema":{"@context":"https:\/\/schema.org","@graph":[{"@type":"WebPage","@id":"https:\/\/www.worldairlineawards.com\/es\/metodologia-de-los-premios\/","url":"https:\/\/www.worldairlineawards.com\/es\/metodologia-de-los-premios\/","name":"Metodolog\u00eda de los premios | SKYTRAX","isPartOf":{"@id":"https:\/\/www.worldairlineawards.com\/es\/#website"},"primaryImageOfPage":{"@id":"https:\/\/www.worldairlineawards.com\/es\/metodologia-de-los-premios\/#primaryimage"},"image":{"@id":"https:\/\/www.worldairlineawards.com\/es\/metodologia-de-los-premios\/#primaryimage"},"thumbnailUrl":"https:\/\/www.worldairlineawards.com\/es\/wp-content\/uploads\/sites\/6\/2018\/09\/pax_fids_2.jpg","datePublished":"2018-06-08T15:31:59+00:00","dateModified":"2025-06-19T07:02:08+00:00","description":"Skytrax publica la metodolog\u00eda y la informaci\u00f3n de los World Airline Awards, as\u00ed como los sistemas de encuestas para usuarios y los posteriores resultados.","breadcrumb":{"@id":"https:\/\/www.worldairlineawards.com\/es\/metodologia-de-los-premios\/#breadcrumb"},"inLanguage":"es","potentialAction":[{"@type":"ReadAction","target":["https:\/\/www.worldairlineawards.com\/es\/metodologia-de-los-premios\/"]}]},{"@type":"ImageObject","inLanguage":"es","@id":"https:\/\/www.worldairlineawards.com\/es\/metodologia-de-los-premios\/#primaryimage","url":"https:\/\/www.worldairlineawards.com\/es\/wp-content\/uploads\/sites\/6\/2018\/09\/pax_fids_2.jpg","contentUrl":"https:\/\/www.worldairlineawards.com\/es\/wp-content\/uploads\/sites\/6\/2018\/09\/pax_fids_2.jpg","width":1600,"height":400,"caption":"usuario mirando las pantallas informativas de vuelos"},{"@type":"BreadcrumbList","@id":"https:\/\/www.worldairlineawards.com\/es\/metodologia-de-los-premios\/#breadcrumb","itemListElement":[{"@type":"ListItem","position":1,"name":"Home","item":"https:\/\/www.worldairlineawards.com\/es\/"},{"@type":"ListItem","position":2,"name":"Metodolog\u00eda de los premios"}]},{"@type":"WebSite","@id":"https:\/\/www.worldairlineawards.com\/es\/#website","url":"https:\/\/www.worldairlineawards.com\/es\/","name":"SKYTRAX","description":"World Airline Awards","potentialAction":[{"@type":"SearchAction","target":{"@type":"EntryPoint","urlTemplate":"https:\/\/www.worldairlineawards.com\/es\/?s={search_term_string}"},"query-input":{"@type":"PropertyValueSpecification","valueRequired":true,"valueName":"search_term_string"}}],"inLanguage":"es"}]}},"_links":{"self":[{"href":"https:\/\/www.worldairlineawards.com\/es\/wp-json\/wp\/v2\/pages\/1691","targetHints":{"allow":["GET"]}}],"collection":[{"href":"https:\/\/www.worldairlineawards.com\/es\/wp-json\/wp\/v2\/pages"}],"about":[{"href":"https:\/\/www.worldairlineawards.com\/es\/wp-json\/wp\/v2\/types\/page"}],"author":[{"embeddable":true,"href":"https:\/\/www.worldairlineawards.com\/es\/wp-json\/wp\/v2\/users\/4"}],"replies":[{"embeddable":true,"href":"https:\/\/www.worldairlineawards.com\/es\/wp-json\/wp\/v2\/comments?post=1691"}],"version-history":[{"count":0,"href":"https:\/\/www.worldairlineawards.com\/es\/wp-json\/wp\/v2\/pages\/1691\/revisions"}],"wp:featuredmedia":[{"embeddable":true,"href":"https:\/\/www.worldairlineawards.com\/es\/wp-json\/wp\/v2\/media\/3282"}],"wp:attachment":[{"href":"https:\/\/www.worldairlineawards.com\/es\/wp-json\/wp\/v2\/media?parent=1691"}],"curies":[{"name":"wp","href":"https:\/\/api.w.org\/{rel}","templated":true}]}}